{"id":1032,"date":"2023-04-22T11:23:38","date_gmt":"2023-04-22T11:23:38","guid":{"rendered":"https:\/\/cozystay.loftocean.com\/apartment\/?page_id=1032"},"modified":"2026-03-12T16:59:37","modified_gmt":"2026-03-12T15:59:37","slug":"prestations","status":"publish","type":"page","link":"https:\/\/o-grenier-a-sel.com\/en\/prestations\/","title":{"rendered":"Services"},"content":{"rendered":"<div data-elementor-type=\"wp-page\" data-elementor-id=\"1032\" class=\"elementor elementor-1032\">\n\t\t\t\t\t\t<section class=\"elementor-section elementor-top-section elementor-element elementor-element-8ecbd63 elementor-section-height-min-height cs-section-content-fullwidth cs-parallax-on-scroll cs_scroll_y_100 elementor-section-boxed elementor-section-height-default elementor-section-items-middle\" data-id=\"8ecbd63\" data-element_type=\"section\" data-e-type=\"section\" data-settings=\"{&quot;background_background&quot;:&quot;classic&quot;}\" data-cs-parallax-y=\"100\" style=\"background-image: none;\" data-cs-background-image=\"https:\/\/o-grenier-a-sel.com\/wp-content\/uploads\/2024\/10\/appartement-1-le-puy-en-velay-scaled.webp\" data-cs-background-image-alt-text=\"appartement 1 le puy en velay\">\n\t\t\t\t\t\t\t<div class=\"elementor-background-overlay\"><\/div>\n\t\t\t\t\t\t\t<div class=\"elementor-container elementor-column-gap-no\">\n\t\t\t\t\t<div class=\"elementor-column elementor-col-100 elementor-top-column elementor-element elementor-element-47b0f3b dark-color\" data-id=\"47b0f3b\" data-element_type=\"column\" data-e-type=\"column\">\n\t\t\t<div class=\"elementor-widget-wrap elementor-element-populated\">\n\t\t\t\t\t\t<div class=\"elementor-element elementor-element-31c3948 elementor-widget elementor-widget-cs_title\" data-id=\"31c3948\" data-element_type=\"widget\" data-e-type=\"widget\" data-widget_type=\"cs_title.default\">\n\t\t\t\t<div class=\"elementor-widget-container\">\n\t\t\t\t\t\n        <div class=\"cs-title-wrap text-center\">\t            <h1 class=\"cs-title\">\n\t                The Services\t            <\/h1>\t            <div class=\"cs-title-text\">\n\t                <p>All the information on this page is common to our apartments.<\/p>\t            <\/div>        <\/div>\t\t\t\t<\/div>\n\t\t\t\t<\/div>\n\t\t\t\t\t<\/div>\n\t\t<\/div>\n\t\t\t\t\t<\/div>\n\t\t<\/section>\n\t\t\t\t<section class=\"elementor-section elementor-top-section elementor-element elementor-element-ed2fcc0 elementor-section-boxed elementor-section-height-default elementor-section-height-default\" data-id=\"ed2fcc0\" data-element_type=\"section\" data-e-type=\"section\">\n\t\t\t\t\t\t<div class=\"elementor-container elementor-column-gap-no\">\n\t\t\t\t\t<div class=\"elementor-column elementor-col-100 elementor-top-column elementor-element elementor-element-28bcbe9\" data-id=\"28bcbe9\" data-element_type=\"column\" data-e-type=\"column\">\n\t\t\t<div class=\"elementor-widget-wrap elementor-element-populated\">\n\t\t\t\t\t\t<div class=\"elementor-element elementor-element-31ef03a elementor-widget elementor-widget-cs_title\" data-id=\"31ef03a\" data-element_type=\"widget\" data-e-type=\"widget\" data-widget_type=\"cs_title.default\">\n\t\t\t\t<div class=\"elementor-widget-container\">\n\t\t\t\t\t\n        <div class=\"cs-title-wrap text-center\">\t            <h5 class=\"cs-title\">\n\t                Fully Equipped Apartments for Total Comfort\t            <\/h5>\t            <div class=\"cs-title-text\">\n\t                <p>Each apartment has been designed to offer you a pleasant stay in a historic accommodation. From the warm living area to the fully equipped kitchen, including a welcoming bedroom and a modern bathroom, everything has been carefully arranged to meet your needs. Discover the facilities that will make your stay a unique experience, combining period charm with modern comfort.<\/p>\t            <\/div>        <\/div>\t\t\t\t<\/div>\n\t\t\t\t<\/div>\n\t\t\t\t\t<\/div>\n\t\t<\/div>\n\t\t\t\t\t<\/div>\n\t\t<\/section>\n\t\t\t\t<section class=\"elementor-section elementor-top-section elementor-element elementor-element-a55d790 elementor-section-boxed elementor-section-height-default elementor-section-height-default\" data-id=\"a55d790\" data-element_type=\"section\" data-e-type=\"section\">\n\t\t\t\t\t\t<div class=\"elementor-container elementor-column-gap-no\">\n\t\t\t\t\t<div class=\"elementor-column elementor-col-100 elementor-top-column elementor-element elementor-element-3e9a7b0\" data-id=\"3e9a7b0\" data-element_type=\"column\" data-e-type=\"column\">\n\t\t\t<div class=\"elementor-widget-wrap elementor-element-populated\">\n\t\t\t\t\t\t<div class=\"elementor-element elementor-element-e13825d cs-animation-small-offset elementor-invisible elementor-widget elementor-widget-cs_tabs\" data-id=\"e13825d\" data-element_type=\"widget\" data-e-type=\"widget\" data-settings=\"{&quot;_animation&quot;:&quot;fadeInUp&quot;,&quot;_animation_delay&quot;:300}\" data-widget_type=\"cs_tabs.default\">\n\t\t\t\t<div class=\"elementor-widget-container\">\n\t\t\t\t\t            <div class=\"cs-tabs\">\n                <div class=\"elementor-tabs-wrapper\" role=\"tablist\">                    <div class=\"elementor-tab-title elementor-tab-desktop-title elementor-active\">\n                        <a href=\"#elementor-tab-e13825d-0\" class=\"tab-title-link\" data-id=\"cuisine\">Kitchen<\/a>\n                    <\/div>                    <div class=\"elementor-tab-title elementor-tab-desktop-title\">\n                        <a href=\"#elementor-tab-e13825d-1\" class=\"tab-title-link\" data-id=\"salon\">Living Room<\/a>\n                    <\/div>                    <div class=\"elementor-tab-title elementor-tab-desktop-title\">\n                        <a href=\"#elementor-tab-e13825d-2\" class=\"tab-title-link\" data-id=\"salon\">Bedroom<\/a>\n                    <\/div>                    <div class=\"elementor-tab-title elementor-tab-desktop-title\">\n                        <a href=\"#elementor-tab-e13825d-3\" class=\"tab-title-link\" data-id=\"Salle de bains et Toilettes\">Bathroom and Toilets<\/a>\n                    <\/div>                    <div class=\"elementor-tab-title elementor-tab-desktop-title\">\n                        <a href=\"#elementor-tab-e13825d-4\" class=\"tab-title-link\" data-id=\"Entretien\">Maintenance<\/a>\n                    <\/div>                    <div class=\"elementor-tab-title elementor-tab-desktop-title\">\n                        <a href=\"#elementor-tab-e13825d-5\" class=\"tab-title-link\" data-id=\"Confort et S\u00e9curit\u00e9\">Comfort and Safety<\/a>\n                    <\/div>                    <div class=\"elementor-tab-title elementor-tab-desktop-title\">\n                        <a href=\"#elementor-tab-e13825d-6\" class=\"tab-title-link\" data-id=\"Parking\">Parking selon disponibilit\u00e9<\/a>\n                    <\/div>                <\/div>\n\n                <div class=\"elementor-tabs-content-wrapper\" role=\"tablist\" aria-orientation=\"horizontal\">                    <div id=\"elementor-tab-e13825d-0\" class=\"elementor-tab-content elementor-clearfix elementor-active\">\n<p><strong>Here is the list of amenities:<\/strong><\/p>\n<ul style=\"margin-top: -25px;\">\n<li>Oven<\/li>\n<li>4-burner induction cooktop<\/li>\n<li>Dishwasher<\/li>\n<li>Microwave<\/li>\n<li>Refrigerator\/freezer<\/li>\n<li>Cooking utensils<\/li>\n<li>Bins: waste, recycling, glass<\/li>\n<li>Electric kettle<\/li>\n<li>Toaster<\/li>\n<li>Citrus juicer<\/li>\n<li>Espresso pod coffee machine<\/li>\n<\/ul>\n                    <\/div>                    <div id=\"elementor-tab-e13825d-1\" class=\"elementor-tab-content elementor-clearfix hide\">\n<p><strong>Here is the list of amenities:<\/strong><\/p>\n<ul style=\"margin-top: -25px;\">\n  <li>Decorative fireplace<\/li>\n  <li>Sofa<\/li>\n  <li>Coffee table<\/li>\n  <li>Desk<\/li>\n  <li>Flat-screen TV<\/li>\n  <li>Cable channels<\/li>\n  <li>Radio<\/li>\n  <li>Satellite channels<\/li>\n  <li>Ability to connect to streaming platforms with personal login (QR code)<\/li>\n  <li>Universal power adapter<\/li>\n  <li>USB outlets<\/li>\n<\/ul>\n                    <\/div>                    <div id=\"elementor-tab-e13825d-2\" class=\"elementor-tab-content elementor-clearfix hide\">\n<p><strong>Here is the list of amenities:<\/strong><\/p>\n<ul style=\"margin-top: -25px;\">\n  <li>Queen-size bed<\/li>\n  <li>Hypoallergenic pillow (feather-free)<\/li>\n  <li>Temperature-regulating wool duvet for winter<\/li>\n  <li>Power outlets near the bed<\/li>\n  <li>Light switch near the bed<\/li>\n  <li>Drying rack<\/li>\n  <li>Wardrobe<\/li>\n  <li>Chest of drawers<\/li>\n<\/ul>\n                    <\/div>                    <div id=\"elementor-tab-e13825d-3\" class=\"elementor-tab-content elementor-clearfix hide\">\n<p><strong>Here is the list of amenities:<\/strong><\/p>\n<ul style=\"margin-top: -25px;\">\n  <li>Walk-in shower<\/li>\n  <li>Shampoo, conditioner, shower gel<\/li>\n  <li>Lightweight hairdryer<\/li>\n  <li>Separate toilets with toilet paper provided<\/li>\n<\/ul>\n                    <\/div>                    <div id=\"elementor-tab-e13825d-4\" class=\"elementor-tab-content elementor-clearfix hide\">\n<p><strong>Here is the list of amenities:<\/strong><\/p>\n<ul style=\"margin-top: -25px;\">\n  <li>Iron<\/li>\n  <li>Mini ironing board<\/li>\n  <li>Cleaning products<\/li>\n  <li>Broom, dustpan, and brush<\/li>\n  <li>Mop with bucket<\/li>\n  <li>Vacuum cleaner<\/li>\n  <li>Washing machine (shared laundry room, on request)<\/li>\n  <li>Tumble dryer (shared laundry room, on request)<\/li>\n<\/ul>\n                    <\/div>                    <div id=\"elementor-tab-e13825d-5\" class=\"elementor-tab-content elementor-clearfix hide\">\n<p><strong>Here is the list of amenities:<\/strong><\/p>\n<ul style=\"margin-top: -25px;\">\n  <li>Autonomous heating<\/li>\n  <li>Fan for summer<\/li>\n  <li>Ventilation system (VMC)<\/li>\n  <li>Smoke detector<\/li>\n  <li>First aid kit<\/li>\n  <li>ABC powder fire extinguisher<\/li>\n<\/ul>\n                    <\/div>                    <div id=\"elementor-tab-e13825d-6\" class=\"elementor-tab-content elementor-clearfix hide\">\n<p>Parking available, subject to availability and on request<\/p>\n                    <\/div>                <\/div>\n            <\/div>\t\t\t\t<\/div>\n\t\t\t\t<\/div>\n\t\t\t\t\t<\/div>\n\t\t<\/div>\n\t\t\t\t\t<\/div>\n\t\t<\/section>\n\t\t\t\t<section class=\"elementor-section elementor-top-section elementor-element elementor-element-7efc604 cs-section-content-fullwidth elementor-section-boxed elementor-section-height-default elementor-section-height-default\" data-id=\"7efc604\" data-element_type=\"section\" data-e-type=\"section\" data-settings=\"{&quot;background_background&quot;:&quot;classic&quot;}\">\n\t\t\t\t\t\t\t<div class=\"elementor-background-overlay\"><\/div>\n\t\t\t\t\t\t\t<div class=\"elementor-container elementor-column-gap-no\">\n\t\t\t\t\t<div class=\"elementor-column elementor-col-100 elementor-top-column elementor-element elementor-element-dddda48\" data-id=\"dddda48\" data-element_type=\"column\" data-e-type=\"column\">\n\t\t\t<div class=\"elementor-widget-wrap elementor-element-populated\">\n\t\t\t\t\t\t<section class=\"elementor-section elementor-inner-section elementor-element elementor-element-7a81c1e elementor-section-content-bottom elementor-section-boxed elementor-section-height-default elementor-section-height-default\" data-id=\"7a81c1e\" data-element_type=\"section\" data-e-type=\"section\">\n\t\t\t\t\t\t<div class=\"elementor-container elementor-column-gap-no\">\n\t\t\t\t\t<div class=\"elementor-column elementor-col-50 elementor-inner-column elementor-element elementor-element-c6335e9\" data-id=\"c6335e9\" data-element_type=\"column\" data-e-type=\"column\">\n\t\t\t<div class=\"elementor-widget-wrap elementor-element-populated\">\n\t\t\t\t\t\t<div class=\"elementor-element elementor-element-d5dcb66 elementor-widget elementor-widget-cs_title\" data-id=\"d5dcb66\" data-element_type=\"widget\" data-e-type=\"widget\" data-widget_type=\"cs_title.default\">\n\t\t\t\t<div class=\"elementor-widget-container\">\n\t\t\t\t\t\n        <div class=\"cs-title-wrap\">\t            <h5 class=\"cs-title color-black\">\n\t                All the Comfort for an Ideal Stay\t            <\/h5>        <\/div>\t\t\t\t<\/div>\n\t\t\t\t<\/div>\n\t\t\t\t\t<\/div>\n\t\t<\/div>\n\t\t\t\t<div class=\"elementor-column elementor-col-50 elementor-inner-column elementor-element elementor-element-b34def8\" data-id=\"b34def8\" data-element_type=\"column\" data-e-type=\"column\">\n\t\t\t<div class=\"elementor-widget-wrap\">\n\t\t\t\t\t\t\t<\/div>\n\t\t<\/div>\n\t\t\t\t\t<\/div>\n\t\t<\/section>\n\t\t<div class=\"elementor-element elementor-element-c47f687 e-flex e-con-boxed e-con e-parent\" data-id=\"c47f687\" data-element_type=\"container\" data-e-type=\"container\">\n\t\t\t\t\t<div class=\"e-con-inner\">\n\t\t<div class=\"elementor-element elementor-element-c598280 e-con-full e-flex e-con e-child\" data-id=\"c598280\" data-element_type=\"container\" data-e-type=\"container\">\n\t\t\t\t<div class=\"elementor-element elementor-element-0709d9b elementor-widget elementor-widget-cs_title\" data-id=\"0709d9b\" data-element_type=\"widget\" data-e-type=\"widget\" data-widget_type=\"cs_title.default\">\n\t\t\t\t<div class=\"elementor-widget-container\">\n\t\t\t\t\t\n        <div class=\"cs-title-wrap text-left\">\t            <div class=\"cs-title-text color-black\">\n\t                <h3><span style=\"color: #000000;\"><strong>General Information about the Apartments<\/strong><\/span><\/h3>\n<ul style=\"margin-top: -15px;\">\n<li>Private apartments in a historic building with two facades overlooking quiet cobblestone streets<\/li>\n<li>Self-check-in and check-out, with in-person reception available at certain times<\/li>\n<li>Building entry via a confidential code provided in advance<\/li>\n<li>Apartment entry via a confidential code provided in advance<\/li>\n<\/ul>\n<h3><strong><span style=\"color: #000000;\">Included Services<\/span><\/strong><\/h3>\n<ul style=\"margin-top: -15px;\">\n<li>Beds made upon arrival<\/li>\n<li>End-of-stay cleaning service<\/li>\n<li>Bath linen: towels<\/li>\n<li>Bed linen: mattress and pillow protectors, fitted sheets, pillowcases, sheets, duvet, bedspread, blanket<\/li>\n<li>Baby cot (on request)<\/li>\n<li>Baby cot sheet (on request)<\/li>\n<li>High chair (on request)<\/li>\n<\/ul>\n<p><strong><span style=\"color: #000000;\">Included Breakfast to Prepare:<\/span><\/strong><\/p>\n<ul style=\"margin-top: -15px;\">\n<li>Tea, herbal teas<\/li>\n<li>Bread<\/li>\n<li>Oranges<\/li>\n<li>Coffee: Dolce Gusto capsules<\/li>\n<li>Butter, jam<\/li>\n<\/ul>\n<h3><span style=\"color: #000000;\"><strong>On-Site Activities<\/strong><\/span><\/h3>\n<ul style=\"margin-top: -15px;\">\n<li>Board games\/puzzles<\/li>\n<li>Movie nights<\/li>\n<\/ul>\t            <\/div>        <\/div>\t\t\t\t<\/div>\n\t\t\t\t<\/div>\n\t\t\t\t<\/div>\n\t\t<div class=\"elementor-element elementor-element-f513379 e-con-full e-flex e-con e-child\" data-id=\"f513379\" data-element_type=\"container\" data-e-type=\"container\">\n\t\t\t\t<div class=\"elementor-element elementor-element-05cf613 elementor-widget elementor-widget-cs_title\" data-id=\"05cf613\" data-element_type=\"widget\" data-e-type=\"widget\" data-widget_type=\"cs_title.default\">\n\t\t\t\t<div class=\"elementor-widget-container\">\n\t\t\t\t\t\n        <div class=\"cs-title-wrap text-left\">\t            <div class=\"cs-title-text color-black\">\n\t                <h3><strong><span style=\"color: #000000;\">Activities Available Nearby<\/span><\/strong><\/h3>\n<ul style=\"margin-top: -15px;\">\n<li>Shopping<\/li>\n<li>Art and craft galleries<\/li>\n<li>Theater<\/li>\n<li>Museums<\/li>\n<li>Golf<\/li>\n<li>Walking, hiking, and pilgrimages<\/li>\n<li>City tours by bike or scooter<\/li>\n<li>Visits to the city's monuments<\/li>\n<li>Cycling routes<\/li>\n<\/ul>\n<h3><strong><span style=\"color: #000000;\">Parking<\/span><\/strong><\/h3>\n<ul style=\"margin-top: -15px;\">\n<li>Free parking spaces available on the street near the accommodation, but for safety, we recommend the Breuil or Michelet parking lots, located 500 meters away on foot.<\/li>\n<li>Paid parking options nearby<\/li>\n<\/ul>\n<h3><strong><span style=\"color: #000000;\">Languages Spoken<\/span><\/strong><\/h3>\n<ul style=\"margin-top: -15px;\">\n<li>French<\/li>\n<li>English<\/li>\n<\/ul>\n<h3><strong><span style=\"color: #000000;\">Relaxation &amp; Wellness<\/span><\/strong><\/h3>\n<p>We offer a 20% discount on a one-hour massage performed by a professional masseur; the price varies depending on the type of massage selected. For ultimate relaxation, enjoy an Ayurvedic, relaxing, or energizing massage. If you\u2019d like to book, contact us to check availability.<\/p>\t            <\/div>        <\/div>\t\t\t\t<\/div>\n\t\t\t\t<\/div>\n\t\t\t\t<\/div>\n\t\t\t\t\t<\/div>\n\t\t\t\t<\/div>\n\t\t\t\t\t<\/div>\n\t\t<\/div>\n\t\t\t\t\t<\/div>\n\t\t<\/section>\n\t\t\t\t<\/div>","protected":false},"excerpt":{"rendered":"<p>Les Prestations Toutes les informations pr\u00e9sentes sur cette page sont communes \u00e0 nos appartements. Des Appartements \u00c9quip\u00e9s pour un Confort Total Chaque appartement a \u00e9t\u00e9 pens\u00e9 pour vous offrir un s\u00e9jour agr\u00e9able dans un h\u00e9bergement historique. Du salon chaleureux \u00e0 la cuisine enti\u00e8rement \u00e9quip\u00e9e, en passant par une chambre accueillante et une salle de bains &#8230;<\/p>","protected":false},"author":1,"featured_media":0,"parent":0,"menu_order":0,"comment_status":"closed","ping_status":"closed","template":"template-wide-content.php","meta":{"inline_featured_image":false,"cozystay_single_page_hide_site_header":"","cozystay_single_page_site_header_source":"","cozystay_single_page_custom_site_header":"0","cozystay_single_page_custom_sticky_site_header":"0","cozystay_single_page_hide_page_title":"on","cozystay_single_page_header_section_size":"","cozystay_single_page_header_background_color":"","cozystay_single_page_header_background_position_x":"center","cozystay_single_page_header_background_position_y":"center","cozystay_single_page_header_background_size":"cover","cozystay_single_page_header_background_repeat":"off","cozystay_single_page_header_background_scroll":"on","cozystay_single_page_header_text_color":"","cozystay_single_page_header_show_breadcrumb":"","cozystay_single_page_site_footer_hide_main":"","cozystay_single_custom_site_footer_main_source":"","cozystay_single_custom_site_footer_main":"0","cozystay_single_page_site_footer_hide_above":"","cozystay_single_custom_site_footer_above_source":"","cozystay_single_custom_site_footer_above":"0","cozystay_single_page_site_footer_hide_instagram":"","cozystay_single_page_site_footer_hide_bottom":"","cozystay_single_custom_mobile_menu_source":"","cozystay_single_custom_mobile_menu":"0","cozystay_single_custom_mobile_menu_animation":"","cozystay_single_custom_mobile_menu_width":"","cozystay_single_custom_mobile_menu_custom_width":375,"footnotes":""},"class_list":["post-1032","page","type-page","status-publish","hentry"],"yoast_head":"<!-- This site is optimized with the Yoast SEO plugin v27.4 - https:\/\/yoast.com\/product\/yoast-seo-wordpress\/ -->\n<title>Prestations - O&#039; grenier \u00e0 Sel<\/title>\n<meta name=\"description\" content=\"Profitez d\u2019un s\u00e9jour tout confort avec des services personnalis\u00e9s. Tout est pens\u00e9 pour votre bien-\u00eatre \u00e0 O&#039; Grenier \u00e0 Sel.\" \/>\n<meta name=\"robots\" content=\"index, follow, max-snippet:-1, max-image-preview:large, max-video-preview:-1\" \/>\n<link rel=\"canonical\" href=\"https:\/\/o-grenier-a-sel.com\/en\/prestations\/\" \/>\n<meta property=\"og:locale\" content=\"en_US\" \/>\n<meta property=\"og:type\" content=\"article\" \/>\n<meta property=\"og:title\" content=\"Prestations - O&#039; grenier \u00e0 Sel\" \/>\n<meta property=\"og:description\" content=\"Profitez d\u2019un s\u00e9jour tout confort avec des services personnalis\u00e9s. Tout est pens\u00e9 pour votre bien-\u00eatre \u00e0 O&#039; Grenier \u00e0 Sel.\" \/>\n<meta property=\"og:url\" content=\"https:\/\/o-grenier-a-sel.com\/en\/prestations\/\" \/>\n<meta property=\"og:site_name\" content=\"O&#039; grenier \u00e0 Sel\" \/>\n<meta property=\"article:modified_time\" content=\"2026-03-12T15:59:37+00:00\" \/>\n<meta name=\"twitter:card\" content=\"summary_large_image\" \/>\n<meta name=\"twitter:label1\" content=\"Est. reading time\" \/>\n\t<meta name=\"twitter:data1\" content=\"3 minutes\" \/>\n<script type=\"application\/ld+json\" class=\"yoast-schema-graph\">{\"@context\":\"https:\\\/\\\/schema.org\",\"@graph\":[{\"@type\":\"WebPage\",\"@id\":\"https:\\\/\\\/o-grenier-a-sel.com\\\/prestations\\\/\",\"url\":\"https:\\\/\\\/o-grenier-a-sel.com\\\/prestations\\\/\",\"name\":\"Prestations - O&#039; grenier \u00e0 Sel\",\"isPartOf\":{\"@id\":\"https:\\\/\\\/o-grenier-a-sel.com\\\/#website\"},\"datePublished\":\"2023-04-22T11:23:38+00:00\",\"dateModified\":\"2026-03-12T15:59:37+00:00\",\"description\":\"Profitez d\u2019un s\u00e9jour tout confort avec des services personnalis\u00e9s. Tout est pens\u00e9 pour votre bien-\u00eatre \u00e0 O' Grenier \u00e0 Sel.\",\"breadcrumb\":{\"@id\":\"https:\\\/\\\/o-grenier-a-sel.com\\\/prestations\\\/#breadcrumb\"},\"inLanguage\":\"en-US\",\"potentialAction\":[{\"@type\":\"ReadAction\",\"target\":[\"https:\\\/\\\/o-grenier-a-sel.com\\\/prestations\\\/\"]}]},{\"@type\":\"BreadcrumbList\",\"@id\":\"https:\\\/\\\/o-grenier-a-sel.com\\\/prestations\\\/#breadcrumb\",\"itemListElement\":[{\"@type\":\"ListItem\",\"position\":1,\"name\":\"Home\",\"item\":\"https:\\\/\\\/o-grenier-a-sel.com\\\/\"},{\"@type\":\"ListItem\",\"position\":2,\"name\":\"Prestations\"}]},{\"@type\":\"WebSite\",\"@id\":\"https:\\\/\\\/o-grenier-a-sel.com\\\/#website\",\"url\":\"https:\\\/\\\/o-grenier-a-sel.com\\\/\",\"name\":\"O' grenier \u00e0 Sel\",\"description\":\"\",\"publisher\":{\"@id\":\"https:\\\/\\\/o-grenier-a-sel.com\\\/#organization\"},\"potentialAction\":[{\"@type\":\"SearchAction\",\"target\":{\"@type\":\"EntryPoint\",\"urlTemplate\":\"https:\\\/\\\/o-grenier-a-sel.com\\\/?s={search_term_string}\"},\"query-input\":{\"@type\":\"PropertyValueSpecification\",\"valueRequired\":true,\"valueName\":\"search_term_string\"}}],\"inLanguage\":\"en-US\"},{\"@type\":\"Organization\",\"@id\":\"https:\\\/\\\/o-grenier-a-sel.com\\\/#organization\",\"name\":\"O' grenier \u00e0 Sel\",\"url\":\"https:\\\/\\\/o-grenier-a-sel.com\\\/\",\"logo\":{\"@type\":\"ImageObject\",\"inLanguage\":\"en-US\",\"@id\":\"https:\\\/\\\/o-grenier-a-sel.com\\\/#\\\/schema\\\/logo\\\/image\\\/\",\"url\":\"https:\\\/\\\/o-grenier-a-sel.com\\\/wp-content\\\/uploads\\\/2024\\\/12\\\/logo-o-grenier-a-sel-etoiles.svg\",\"contentUrl\":\"https:\\\/\\\/o-grenier-a-sel.com\\\/wp-content\\\/uploads\\\/2024\\\/12\\\/logo-o-grenier-a-sel-etoiles.svg\",\"width\":453,\"height\":181,\"caption\":\"O' grenier \u00e0 Sel\"},\"image\":{\"@id\":\"https:\\\/\\\/o-grenier-a-sel.com\\\/#\\\/schema\\\/logo\\\/image\\\/\"}}]}<\/script>\n<!-- \/ Yoast SEO plugin. -->","yoast_head_json":{"title":"Prestations - O&#039; grenier \u00e0 Sel","description":"Profitez d\u2019un s\u00e9jour tout confort avec des services personnalis\u00e9s. Tout est pens\u00e9 pour votre bien-\u00eatre \u00e0 O' Grenier \u00e0 Sel.","robots":{"index":"index","follow":"follow","max-snippet":"max-snippet:-1","max-image-preview":"max-image-preview:large","max-video-preview":"max-video-preview:-1"},"canonical":"https:\/\/o-grenier-a-sel.com\/en\/prestations\/","og_locale":"en_US","og_type":"article","og_title":"Prestations - O&#039; grenier \u00e0 Sel","og_description":"Profitez d\u2019un s\u00e9jour tout confort avec des services personnalis\u00e9s. Tout est pens\u00e9 pour votre bien-\u00eatre \u00e0 O' Grenier \u00e0 Sel.","og_url":"https:\/\/o-grenier-a-sel.com\/en\/prestations\/","og_site_name":"O&#039; grenier \u00e0 Sel","article_modified_time":"2026-03-12T15:59:37+00:00","twitter_card":"summary_large_image","twitter_misc":{"Est. reading time":"3 minutes"},"schema":{"@context":"https:\/\/schema.org","@graph":[{"@type":"WebPage","@id":"https:\/\/o-grenier-a-sel.com\/prestations\/","url":"https:\/\/o-grenier-a-sel.com\/prestations\/","name":"Prestations - O&#039; grenier \u00e0 Sel","isPartOf":{"@id":"https:\/\/o-grenier-a-sel.com\/#website"},"datePublished":"2023-04-22T11:23:38+00:00","dateModified":"2026-03-12T15:59:37+00:00","description":"Profitez d\u2019un s\u00e9jour tout confort avec des services personnalis\u00e9s. Tout est pens\u00e9 pour votre bien-\u00eatre \u00e0 O' Grenier \u00e0 Sel.","breadcrumb":{"@id":"https:\/\/o-grenier-a-sel.com\/prestations\/#breadcrumb"},"inLanguage":"en-US","potentialAction":[{"@type":"ReadAction","target":["https:\/\/o-grenier-a-sel.com\/prestations\/"]}]},{"@type":"BreadcrumbList","@id":"https:\/\/o-grenier-a-sel.com\/prestations\/#breadcrumb","itemListElement":[{"@type":"ListItem","position":1,"name":"Home","item":"https:\/\/o-grenier-a-sel.com\/"},{"@type":"ListItem","position":2,"name":"Prestations"}]},{"@type":"WebSite","@id":"https:\/\/o-grenier-a-sel.com\/#website","url":"https:\/\/o-grenier-a-sel.com\/","name":"O' grenier \u00e0 Sel","description":"","publisher":{"@id":"https:\/\/o-grenier-a-sel.com\/#organization"},"potentialAction":[{"@type":"SearchAction","target":{"@type":"EntryPoint","urlTemplate":"https:\/\/o-grenier-a-sel.com\/?s={search_term_string}"},"query-input":{"@type":"PropertyValueSpecification","valueRequired":true,"valueName":"search_term_string"}}],"inLanguage":"en-US"},{"@type":"Organization","@id":"https:\/\/o-grenier-a-sel.com\/#organization","name":"O' grenier \u00e0 Sel","url":"https:\/\/o-grenier-a-sel.com\/","logo":{"@type":"ImageObject","inLanguage":"en-US","@id":"https:\/\/o-grenier-a-sel.com\/#\/schema\/logo\/image\/","url":"https:\/\/o-grenier-a-sel.com\/wp-content\/uploads\/2024\/12\/logo-o-grenier-a-sel-etoiles.svg","contentUrl":"https:\/\/o-grenier-a-sel.com\/wp-content\/uploads\/2024\/12\/logo-o-grenier-a-sel-etoiles.svg","width":453,"height":181,"caption":"O' grenier \u00e0 Sel"},"image":{"@id":"https:\/\/o-grenier-a-sel.com\/#\/schema\/logo\/image\/"}}]}},"_links":{"self":[{"href":"https:\/\/o-grenier-a-sel.com\/en\/wp-json\/wp\/v2\/pages\/1032","targetHints":{"allow":["GET"]}}],"collection":[{"href":"https:\/\/o-grenier-a-sel.com\/en\/wp-json\/wp\/v2\/pages"}],"about":[{"href":"https:\/\/o-grenier-a-sel.com\/en\/wp-json\/wp\/v2\/types\/page"}],"author":[{"embeddable":true,"href":"https:\/\/o-grenier-a-sel.com\/en\/wp-json\/wp\/v2\/users\/1"}],"replies":[{"embeddable":true,"href":"https:\/\/o-grenier-a-sel.com\/en\/wp-json\/wp\/v2\/comments?post=1032"}],"version-history":[{"count":64,"href":"https:\/\/o-grenier-a-sel.com\/en\/wp-json\/wp\/v2\/pages\/1032\/revisions"}],"predecessor-version":[{"id":3132,"href":"https:\/\/o-grenier-a-sel.com\/en\/wp-json\/wp\/v2\/pages\/1032\/revisions\/3132"}],"wp:attachment":[{"href":"https:\/\/o-grenier-a-sel.com\/en\/wp-json\/wp\/v2\/media?parent=1032"}],"curies":[{"name":"wp","href":"https:\/\/api.w.org\/{rel}","templated":true}]}}